{"id":3141,"date":"2021-02-10T09:55:31","date_gmt":"2021-02-10T08:55:31","guid":{"rendered":"https:\/\/www.oregontool4fun.com\/outdoor-challenge\/"},"modified":"2022-06-01T11:43:12","modified_gmt":"2022-06-01T09:43:12","slug":"springa-ga-cykla","status":"publish","type":"page","link":"https:\/\/www.oregontool4fun.com\/sv\/springa-ga-cykla\/","title":{"rendered":"Springa, G\u00e5, Cykla"},"content":{"rendered":"Du m\u00e5ste vara inloggad f\u00f6r att visa detta inneh\u00e5ll.","protected":false},"excerpt":{"rendered":"Du m\u00e5ste vara inloggad f\u00f6r att visa detta inneh\u00e5ll.","protected":false},"author":1,"featured_media":2437,"parent":0,"menu_order":0,"comment_status":"closed","ping_status":"closed","template":"","meta":{"footnotes":""},"class_list":["post-3141","page","type-page","status-publish","has-post-thumbnail","hentry"],"_links":{"self":[{"href":"https:\/\/www.oregontool4fun.com\/sv\/wp-json\/wp\/v2\/pages\/3141","targetHints":{"allow":["GET"]}}],"collection":[{"href":"https:\/\/www.oregontool4fun.com\/sv\/wp-json\/wp\/v2\/pages"}],"about":[{"href":"https:\/\/www.oregontool4fun.com\/sv\/wp-json\/wp\/v2\/types\/page"}],"author":[{"embeddable":true,"href":"https:\/\/www.oregontool4fun.com\/sv\/wp-json\/wp\/v2\/users\/1"}],"replies":[{"embeddable":true,"href":"https:\/\/www.oregontool4fun.com\/sv\/wp-json\/wp\/v2\/comments?post=3141"}],"version-history":[{"count":5,"href":"https:\/\/www.oregontool4fun.com\/sv\/wp-json\/wp\/v2\/pages\/3141\/revisions"}],"predecessor-version":[{"id":16906,"href":"https:\/\/www.oregontool4fun.com\/sv\/wp-json\/wp\/v2\/pages\/3141\/revisions\/16906"}],"wp:featuredmedia":[{"embeddable":true,"href":"https:\/\/www.oregontool4fun.com\/sv\/wp-json\/wp\/v2\/media\/2437"}],"wp:attachment":[{"href":"https:\/\/www.oregontool4fun.com\/sv\/wp-json\/wp\/v2\/media?parent=3141"}],"curies":[{"name":"wp","href":"https:\/\/api.w.org\/{rel}","templated":true}]}}