{"id":1619,"date":"2019-06-17T11:48:26","date_gmt":"2019-06-17T09:48:26","guid":{"rendered":"https:\/\/www.oregontool4fun.com\/home\/"},"modified":"2022-06-24T10:05:51","modified_gmt":"2022-06-24T08:05:51","slug":"hem","status":"publish","type":"page","link":"https:\/\/www.oregontool4fun.com\/sv\/","title":{"rendered":"Hem"},"content":{"rendered":"Du m\u00e5ste vara inloggad f\u00f6r att visa detta inneh\u00e5ll.","protected":false},"excerpt":{"rendered":"Du m\u00e5ste vara inloggad f\u00f6r att visa detta inneh\u00e5ll.","protected":false},"author":1,"featured_media":0,"parent":0,"menu_order":0,"comment_status":"closed","ping_status":"closed","template":"","meta":{"footnotes":""},"class_list":["post-1619","page","type-page","status-publish","hentry"],"_links":{"self":[{"href":"https:\/\/www.oregontool4fun.com\/sv\/wp-json\/wp\/v2\/pages\/1619","targetHints":{"allow":["GET"]}}],"collection":[{"href":"https:\/\/www.oregontool4fun.com\/sv\/wp-json\/wp\/v2\/pages"}],"about":[{"href":"https:\/\/www.oregontool4fun.com\/sv\/wp-json\/wp\/v2\/types\/page"}],"author":[{"embeddable":true,"href":"https:\/\/www.oregontool4fun.com\/sv\/wp-json\/wp\/v2\/users\/1"}],"replies":[{"embeddable":true,"href":"https:\/\/www.oregontool4fun.com\/sv\/wp-json\/wp\/v2\/comments?post=1619"}],"version-history":[{"count":5,"href":"https:\/\/www.oregontool4fun.com\/sv\/wp-json\/wp\/v2\/pages\/1619\/revisions"}],"predecessor-version":[{"id":20893,"href":"https:\/\/www.oregontool4fun.com\/sv\/wp-json\/wp\/v2\/pages\/1619\/revisions\/20893"}],"wp:attachment":[{"href":"https:\/\/www.oregontool4fun.com\/sv\/wp-json\/wp\/v2\/media?parent=1619"}],"curies":[{"name":"wp","href":"https:\/\/api.w.org\/{rel}","templated":true}]}}