{"id":3138,"date":"2021-02-10T09:55:31","date_gmt":"2021-02-10T08:55:31","guid":{"rendered":"https:\/\/www.oregontool4fun.com\/outdoor-challenge\/"},"modified":"2022-06-01T11:41:39","modified_gmt":"2022-06-01T09:41:39","slug":"run-walk-bike","status":"publish","type":"page","link":"https:\/\/www.oregontool4fun.com\/fr\/run-walk-bike\/","title":{"rendered":"Run, Walk, Bike"},"content":{"rendered":"Vous devez \u00eatre connect\u00e9 pour voir ce contenu.","protected":false},"excerpt":{"rendered":"Vous devez \u00eatre connect\u00e9 pour voir ce contenu.","protected":false},"author":1,"featured_media":2434,"parent":0,"menu_order":0,"comment_status":"closed","ping_status":"closed","template":"","meta":{"footnotes":""},"class_list":["post-3138","page","type-page","status-publish","has-post-thumbnail","hentry"],"_links":{"self":[{"href":"https:\/\/www.oregontool4fun.com\/fr\/wp-json\/wp\/v2\/pages\/3138","targetHints":{"allow":["GET"]}}],"collection":[{"href":"https:\/\/www.oregontool4fun.com\/fr\/wp-json\/wp\/v2\/pages"}],"about":[{"href":"https:\/\/www.oregontool4fun.com\/fr\/wp-json\/wp\/v2\/types\/page"}],"author":[{"embeddable":true,"href":"https:\/\/www.oregontool4fun.com\/fr\/wp-json\/wp\/v2\/users\/1"}],"replies":[{"embeddable":true,"href":"https:\/\/www.oregontool4fun.com\/fr\/wp-json\/wp\/v2\/comments?post=3138"}],"version-history":[{"count":5,"href":"https:\/\/www.oregontool4fun.com\/fr\/wp-json\/wp\/v2\/pages\/3138\/revisions"}],"predecessor-version":[{"id":16900,"href":"https:\/\/www.oregontool4fun.com\/fr\/wp-json\/wp\/v2\/pages\/3138\/revisions\/16900"}],"wp:featuredmedia":[{"embeddable":true,"href":"https:\/\/www.oregontool4fun.com\/fr\/wp-json\/wp\/v2\/media\/2434"}],"wp:attachment":[{"href":"https:\/\/www.oregontool4fun.com\/fr\/wp-json\/wp\/v2\/media?parent=3138"}],"curies":[{"name":"wp","href":"https:\/\/api.w.org\/{rel}","templated":true}]}}